{"id":1122,"date":"2013-12-11T07:21:51","date_gmt":"2013-12-11T07:21:51","guid":{"rendered":"http:\/\/themes.goodlayers2.com\/flawless\/?page_id=1122"},"modified":"2025-05-09T11:34:34","modified_gmt":"2025-05-09T14:34:34","slug":"acerca-de-codam-sa","status":"publish","type":"page","link":"https:\/\/codam.com.ar\/en\/acerca-de-codam-sa\/","title":{"rendered":"About Us"},"content":{"rendered":"<p><strong>Codam S.A.<\/strong> is a family business of national capital with over 50 years of experience in the industrial inputs supply in electroplating, smelting and other areas.<\/p>\n<p>Our plant is located strategically to provide integrated logistic in the products marketing to all the country. We adapt to an increasingly competitive, exigent and constantly changing, providing our clients maximum quality and purity products, permanent stock, seriousness and commitment for them to find in <strong>Codam S.A.<\/strong> a true response to specific needs.<\/p>\n<p>For us the word \u201cquality\u201d does not apply only to the product, but also the provided service. This is reflected in the agreed times compliance, cost\/product relation and the constant evolution of the \u201cquality and service\u201d, considering it the only way to give satisfaction to the client.<\/p>\n<p><strong>Vision:<\/strong> To be a renowned company in the industry, differentiating ourselves due to our product and services.<\/p>\n<div class=\"gdlr-stunning-shortcode-ux gdlr-ux\"><div class=\"gdlr-stunning-shortcode-item type-normal with-padding gdlr-button-on \" style=\"background-color:#003f1b;\" ><h2 class=\"stunning-shortcode-title\" style=\"color: #ffffff\" >Want to be part of our network represented or representatives?<\/h2><div class=\"stunning-shortcode-caption\" style=\"color: #fbe973\" >Complete Our Form\r\n<\/div><a class=\"stunning-shortcode-button gdlr-button \" href=\"https:\/\/codam.com.ar\/en\/contacto\/\" style=\"background-color:#00220e; color:#ffffff; \">Contact us<\/a><\/div><\/div>\n<div class=\"clear\"><\/div><div class=\"gdlr-space\" style=\"margin-top: 60px;\"><\/div>\n<div class=\"gdlr-shortcode-wrapper\"><div class=\"clear\"><\/div><div class=\"gdlr-item gdlr-divider-item\"  ><div class=\"gdlr-divider solid\"  style=\"width: 100%;\" ><\/div><\/div><\/div>\n<h2 class=\"gdlr-heading-shortcode with-background \"  style=\"color: #ffffff;background-color: #00662B;font-size: 22px;\" >Related posts to our Business (only spanish)<\/h2>\n      <div id=\"post-grid-lazy-9121\" class=\"post-grid-lazy\"><img decoding=\"async\" alt=\"\" src=\"\" \/><\/div>\n    <script>\n      jQuery('#post-grid-lazy-9121').ready(function($) {\n        $('#post-grid-lazy-9121').fadeOut();\n        $('#post-grid-9121   ').fadeIn();\n      })\n    <\/script>\n    <style type=\"text\/css\">\n      #post-grid-9121 {\n        display: none;\n      }\n\n      .post-grid-lazy {\n        text-align: center;\n      }\n    <\/style>\n    <div data-options='{&quot;id&quot;:&quot;9121&quot;,&quot;lazy_load&quot;:&quot;yes&quot;,&quot;masonry_enable&quot;:&quot;no&quot;,&quot;view_type&quot;:&quot;grid&quot;}' id=\"post-grid-9121\" class=\"post-grid grid\">\n    \n\n\n    <div class=\"grid-items\">\n      <div class=\"item item-11756 skin flat even 0 \">\n        <div class=\"layer-wrapper layout-\">\n        <div class=\"layer-media\"><\/div>\n  <div class=\"layer-content\">\n        <div\r\n        class=\"element element_0  element-media \">\r\n        <a target=\"_self\" href=\"https:\/\/codam.com.ar\/en\/2026\/03\/31\/10-formas-de-aplicar-el-niquel-en-la-industria\/\"><img loading=\"lazy\" decoding=\"async\" width=\"960\" height=\"960\" src=\"https:\/\/codam.com.ar\/wp-content\/uploads\/2026\/03\/10-formas-de-aplicar-el-niquel-en-la-industria-CH.jpg\" class=\"attachment-large size-large wp-post-image\" alt=\"\" \/><\/a>    <\/div>\r\n    <div class=\"element element_1  title_link \">\r\n                    <a target=\"\"\r\n                href=\"https:\/\/codam.com.ar\/en\/2026\/03\/31\/10-formas-de-aplicar-el-niquel-en-la-industria\/\">10 formas de aplicar el n\u00edquel en la industria<\/a>\r\n            <\/div>\r\n    <div class=\"element element_2  excerpt \">\r\n        El n\u00edquel es un metal blanco plateado muy resistente y duradero. Se utiliza mucho por su capacidad para soportar temperaturas            <\/div>\r\n            <a class=\"element element_3  read_more \"\r\n            target=\"\"\r\n            href=\"https:\/\/codam.com.ar\/en\/2026\/03\/31\/10-formas-de-aplicar-el-niquel-en-la-industria\/\"><\/a>\r\n      <\/div>\n    <\/div>\n  <\/div><div class=\"item item-11750 skin flat odd 1 \">\n        <div class=\"layer-wrapper layout-\">\n        <div class=\"layer-media\"><\/div>\n  <div class=\"layer-content\">\n        <div\r\n        class=\"element element_0  element-media \">\r\n        <a target=\"_self\" href=\"https:\/\/codam.com.ar\/en\/2026\/03\/16\/metales-no-ferrosos-que-esta-pasando-con-los-precios-y-la-logistica-global\/\"><img loading=\"lazy\" decoding=\"async\" width=\"185\" height=\"280\" src=\"https:\/\/codam.com.ar\/wp-content\/uploads\/2026\/03\/codam-nota-111-CH.jpg\" class=\"attachment-large size-large wp-post-image\" alt=\"\" \/><\/a>    <\/div>\r\n    <div class=\"element element_1  title_link \">\r\n                    <a target=\"\"\r\n                href=\"https:\/\/codam.com.ar\/en\/2026\/03\/16\/metales-no-ferrosos-que-esta-pasando-con-los-precios-y-la-logistica-global\/\">We grow to offer you the best raw materials<\/a>\r\n            <\/div>\r\n    <div class=\"element element_2  excerpt \">\r\n        {:es}{:}{:en}{:}            <\/div>\r\n            <a class=\"element element_3  read_more \"\r\n            target=\"\"\r\n            href=\"https:\/\/codam.com.ar\/en\/2026\/03\/16\/metales-no-ferrosos-que-esta-pasando-con-los-precios-y-la-logistica-global\/\"><\/a>\r\n      <\/div>\n    <\/div>\n  <\/div><div class=\"item item-11697 skin flat even 2 \">\n        <div class=\"layer-wrapper layout-\">\n        <div class=\"layer-media\"><\/div>\n  <div class=\"layer-content\">\n        <div\r\n        class=\"element element_0  element-media \">\r\n        <a target=\"_self\" href=\"https:\/\/codam.com.ar\/en\/2026\/03\/06\/cobalto-y-niquel-biotecnologia-para-recuperar-metales\/\"><img loading=\"lazy\" decoding=\"async\" width=\"960\" height=\"960\" src=\"https:\/\/codam.com.ar\/wp-content\/uploads\/2026\/03\/Cobalto-y-niquel-biotecnologia-para-recuperar-metales-CH.jpg\" class=\"attachment-large size-large wp-post-image\" alt=\"\" \/><\/a>    <\/div>\r\n    <div class=\"element element_1  title_link \">\r\n                    <a target=\"\"\r\n                href=\"https:\/\/codam.com.ar\/en\/2026\/03\/06\/cobalto-y-niquel-biotecnologia-para-recuperar-metales\/\">Cobalto y n\u00edquel: biotecnolog\u00eda para recuperar metales<\/a>\r\n            <\/div>\r\n    <div class=\"element element_2  excerpt \">\r\n        En el camino que cada vez m\u00e1s pa\u00edses transitan hacia una transici\u00f3n energ\u00e9tica que reduzca los gases de efecto invernadero,            <\/div>\r\n            <a class=\"element element_3  read_more \"\r\n            target=\"\"\r\n            href=\"https:\/\/codam.com.ar\/en\/2026\/03\/06\/cobalto-y-niquel-biotecnologia-para-recuperar-metales\/\"><\/a>\r\n      <\/div>\n    <\/div>\n  <\/div>    <\/div>\n    <div class=\"pagination\">\n      <div class=\"paginate\">\n    <span aria-current=\"page\" class=\"page-numbers current\">1<\/span>\n<a class=\"page-numbers\" href=\"https:\/\/codam.com.ar\/en\/wp-json\/wp\/v2\/pages\/1122\/page\/2\/\">2<\/a>\n<a class=\"page-numbers\" href=\"https:\/\/codam.com.ar\/en\/wp-json\/wp\/v2\/pages\/1122\/page\/3\/\">3<\/a>\n<span class=\"page-numbers dots\">&hellip;<\/span>\n<a class=\"page-numbers\" href=\"https:\/\/codam.com.ar\/en\/wp-json\/wp\/v2\/pages\/1122\/page\/105\/\">105<\/a>\n<a class=\"next page-numbers\" href=\"https:\/\/codam.com.ar\/en\/wp-json\/wp\/v2\/pages\/1122\/page\/2\/\">Posterior \u00bb<\/a>  <\/div>\n  <style type=\"text\/css\">\n    #post-grid-9121 .pagination .page-numbers {\n      font-size: 16px;\n      color: #fff;\n      background: #646464;\n    }\n\n    #post-grid-9121 .pagination .page-numbers:hover,\n    #post-grid-9121 .pagination .page-numbers.current {\n      background: #4b4b4b;\n    }\n  <\/style>\n  <\/div>\n      <script>\n          <\/script>\n    <style type=\"text\/css\">\n    #post-grid-9121 .element_0 {\n      display: block;font-size: 21px;line-height: normal;padding: 5px 10px;text-align: left; text-decoration: none;    }\n\n    #post-grid-9121 .element_1 {\n      display: block;font-size: 21px;line-height: normal;padding: 5px 10px;text-align: left; text-decoration: none;    }\n\n    #post-grid-9121 .element_2 {\n      display: block;font-size: 14px;padding: 5px 10px;text-align: left;    }\n\n    #post-grid-9121 .element_3 {\n      display: block;font-size: 12px;font-weight: bold;padding: 0 10px;text-align: left;text-decoration: none;    }\n\n    #post-grid-9121 .element_0:hover{}#post-grid-9121 .element_1:hover{}#post-grid-9121 .element_2:hover{}#post-grid-9121 .element_3:hover{}  <\/style>\n  <style type=\"text\/css\">\n    #post-grid-9121 {\n      padding: 0px;\n          }\n\n    #post-grid-9121 .item {\n      padding: 0px;\n      background: #fff;\n          }\n\n    #post-grid-9121 .item .layer-media {\n      height:auto;    }\n\n    @media only screen and (min-width: 0px) and (max-width: 767px) {\n      #post-grid-9121 .grid-items {\n        text-align: left;\n              }\n\n      #post-grid-9121 .item {\n        width: 90%;\n        margin: 15px;\n        display: inline-block;\n        vertical-align: top;\n        height:auto;      }\n    }\n\n    @media only screen and (min-width: 768px) and (max-width: 1023px) {\n      #post-grid-9121 .grid-items {\n        text-align: left;\n              }\n\n      #post-grid-9121 .item {\n        width: 200px;\n        margin: 15px;\n        display: inline-block;\n        vertical-align: top;\n        max-height:auto;      }\n    }\n\n    @media only screen and (min-width: 1024px) {\n      #post-grid-9121 .grid-items {\n        text-align: left;\n              }\n\n      #post-grid-9121 .item {\n        width: 200px;\n        display: inline-block;\n        margin: 15px;\n        vertical-align: top;\n        height:auto;      }\n    }\n\n      <\/style>\n  <\/div>\n\n","protected":false},"excerpt":{"rendered":"<p>Codam S.A. is a family business of national capital with over 50 years of experience in the industrial inputs supply in electroplating, smelting and other areas. Our plant is located strategically to provide integrated logistic in the products marketing to all the country. We adapt to an increasingly competitive, exigent and constantly changing, providing our&#8230; <\/p>\n<div class=\"clear\"><\/div>\n<p><a href=\"https:\/\/codam.com.ar\/en\/2026\/03\/31\/10-formas-de-aplicar-el-niquel-en-la-industria\/\" class=\"excerpt-read-more\">Learn More<i class=\"fa fa-angle-double-right icon-double-angle-right\"><\/i><\/a><\/p>\n","protected":false},"author":1,"featured_media":0,"parent":0,"menu_order":0,"comment_status":"closed","ping_status":"open","template":"","meta":{"footnotes":""},"class_list":["post-1122","page","type-page","status-publish","hentry"],"translation":{"provider":"WPGlobus","version":"3.0.2","language":"en","enabled_languages":["es","en"],"languages":{"es":{"title":true,"content":true,"excerpt":false},"en":{"title":true,"content":true,"excerpt":false}}},"_links":{"self":[{"href":"https:\/\/codam.com.ar\/en\/wp-json\/wp\/v2\/pages\/1122","targetHints":{"allow":["GET"]}}],"collection":[{"href":"https:\/\/codam.com.ar\/en\/wp-json\/wp\/v2\/pages"}],"about":[{"href":"https:\/\/codam.com.ar\/en\/wp-json\/wp\/v2\/types\/page"}],"author":[{"embeddable":true,"href":"https:\/\/codam.com.ar\/en\/wp-json\/wp\/v2\/users\/1"}],"replies":[{"embeddable":true,"href":"https:\/\/codam.com.ar\/en\/wp-json\/wp\/v2\/comments?post=1122"}],"version-history":[{"count":2,"href":"https:\/\/codam.com.ar\/en\/wp-json\/wp\/v2\/pages\/1122\/revisions"}],"predecessor-version":[{"id":10291,"href":"https:\/\/codam.com.ar\/en\/wp-json\/wp\/v2\/pages\/1122\/revisions\/10291"}],"wp:attachment":[{"href":"https:\/\/codam.com.ar\/en\/wp-json\/wp\/v2\/media?parent=1122"}],"curies":[{"name":"wp","href":"https:\/\/api.w.org\/{rel}","templated":true}]}}