{"id":5222,"date":"2016-10-18T23:16:58","date_gmt":"2016-10-18T23:16:58","guid":{"rendered":"http:\/\/codam.com.ar\/?page_id=5222"},"modified":"2022-09-01T14:51:04","modified_gmt":"2022-09-01T17:51:04","slug":"hipofosfito-sodio","status":"publish","type":"page","link":"https:\/\/codam.com.ar\/en\/hipofosfito-sodio\/","title":{"rendered":"Sodium Hipophosphite"},"content":{"rendered":"<div class=\"gdlr-shortcode-wrapper\"><div class=\"gdlr-item gdlr-accordion-item style-1\"  ><div class=\"accordion-tab active pre-active\" ><h4 class=\"accordion-title\" ><i class=\"icon-minus\" ><\/i><span>Technical Specifications<\/span><\/h4><div class=\"accordion-content\"><p>Physical Characteristics: White powder<br \/>\nPackaging: 25 kg bags.<br \/>\nSource: France \/ China<\/p>\n<p><img loading=\"lazy\" decoding=\"async\" class=\"alignnone size-full wp-image-4378\" src=\"https:\/\/codam.com.ar\/wp-content\/uploads\/2016\/10\/polvo.png\" alt=\"polvo\" width=\"56\" height=\"52\" \/><\/p>\n<\/div><\/div><div class=\"accordion-tab\" ><h4 class=\"accordion-title\" ><i class=\"icon-plus\" ><\/i><span>Chemical Analysis<\/span><\/h4><div class=\"accordion-content\"><p><strong>Request Analysis<\/strong><\/p>\n<div class=\"wpcf7 no-js\" id=\"wpcf7-f4828-o1\" lang=\"es-ES\" dir=\"ltr\" data-wpcf7-id=\"4828\">\n<div class=\"screen-reader-response\">\n<p role=\"status\" aria-live=\"polite\" aria-atomic=\"true\">\n<ul><\/ul>\n<\/div>\n<form action=\"\/en\/wp-json\/wp\/v2\/pages\/5222#wpcf7-f4828-o1\" method=\"post\" class=\"wpcf7-form init\" aria-label=\"Formulario de contacto\" novalidate=\"novalidate\" data-status=\"init\">\n<fieldset class=\"hidden-fields-container\"><input type=\"hidden\" name=\"_wpcf7\" value=\"4828\" \/><input type=\"hidden\" name=\"_wpcf7_version\" value=\"6.1.5\" \/><input type=\"hidden\" name=\"_wpcf7_locale\" value=\"es_ES\" \/><input type=\"hidden\" name=\"_wpcf7_unit_tag\" value=\"wpcf7-f4828-o1\" \/><input type=\"hidden\" name=\"_wpcf7_container_post\" value=\"0\" \/><input type=\"hidden\" name=\"_wpcf7_posted_data_hash\" value=\"\" \/><input type=\"hidden\" name=\"_wpcf7dtx_version\" value=\"5.0.5\" \/><input type=\"hidden\" name=\"_wpcf7_recaptcha_response\" value=\"\" \/><br \/>\n<\/fieldset>\n<p><label> Name &#038; Last Name or Buisness Name (required)<\/p>\n<p><span class=\"wpcf7-form-control-wrap\" data-name=\"your-name\"><input size=\"40\" maxlength=\"400\" class=\"wpcf7-form-control wpcf7-text wpcf7-validates-as-required\" aria-required=\"true\" aria-invalid=\"false\" value=\"\" type=\"text\" name=\"your-name\" \/><\/span> <\/label>\n<\/p>\n<p><label> E-mail (required)<\/p>\n<p><span class=\"wpcf7-form-control-wrap\" data-name=\"your-email\"><input size=\"40\" maxlength=\"400\" class=\"wpcf7-form-control wpcf7-email wpcf7-validates-as-required wpcf7-text wpcf7-validates-as-email\" aria-required=\"true\" aria-invalid=\"false\" value=\"\" type=\"email\" name=\"your-email\" \/><\/span> <\/label>\n<\/p>\n<p><label> Phone (required)<\/p>\n<p><span class=\"wpcf7-form-control-wrap\" data-name=\"telefono\"><input size=\"40\" maxlength=\"400\" class=\"wpcf7-form-control wpcf7-text wpcf7-validates-as-required\" aria-required=\"true\" aria-invalid=\"false\" value=\"\" type=\"text\" name=\"telefono\" \/><\/span> <\/label>\n<\/p>\n<p><input type=\"hidden\" name=\"_wpcf7_captcha_challenge_captcha-1\" value=\"456850619\" \/><img loading=\"lazy\" decoding=\"async\" class=\"wpcf7-form-control wpcf7-captchac wpcf7-captcha-captcha-1\" width=\"72\" height=\"24\" alt=\"captcha\" src=\"https:\/\/codam.com.ar\/wp-content\/uploads\/wpcf7_captcha\/456850619.png\" \/><span class=\"wpcf7-form-control-wrap\" data-name=\"captcha-1\"><input size=\"40\" class=\"wpcf7-form-control wpcf7-captchar\" autocomplete=\"off\" aria-invalid=\"false\" value=\"\" type=\"text\" name=\"captcha-1\" \/><\/span><\/p>\n<p><input class=\"wpcf7-form-control wpcf7-submit has-spinner\" type=\"submit\" value=\"Send\" \/>\n<\/p>\n<p><input type='hidden' class='wpcf7-pum' value='{\"closepopup\":false,\"closedelay\":0,\"openpopup\":false,\"openpopup_id\":0}' \/><\/p>\n<div class=\"wpcf7-response-output\" aria-hidden=\"true\"><\/div>\n<\/form>\n<\/div>\n<\/div><\/div><\/div><\/div>\n<div class=\"gdlr-shortcode-wrapper\"><div class=\"clear\"><\/div><div class=\"gdlr-item gdlr-divider-item\"  ><div class=\"gdlr-divider solid\"  style=\"width: 100%;\" ><\/div><\/div><\/div>\n<div class=\"gdlr-shortcode-wrapper\"><div class=\"gdlr-styled-box-item-ux gdlr-ux\" ><div class=\"gdlr-item gdlr-styled-box-item\" ><div class=\"gdlr-styled-box-body\" style=\"background-color:#003f1b; color: #ffffff; \" ><div class=\"clear\"><\/div><div class=\"gdlr-space\" style=\"margin-top: -20px;\"><\/div>\n<div style=\"text-align: left\" >\r\n\r\n<div class=\"clear\"><\/div><div class=\"gdlr-space\" style=\"margin-top: -8px;\"><\/div>\r\n\r\n<h2 class=\"gdlr-heading-shortcode \"  style=\"color: #ffffff;font-size: 28px;\" >Do you want t<span lang=\"en\">o receive more information and news<\/span><strong>?<\/strong><\/h2>\r\n\r\n<div class=\"clear\"><\/div><div class=\"gdlr-space\" style=\"margin-top: -8px;\"><\/div>\r\n\r\nSend us your request and we will answer shortly.\r\n\r\n<div class=\"clear\"><\/div><div class=\"gdlr-space\" style=\"margin-top: 30px;\"><\/div>\r\n\r\n<div class=\"clear\"><\/div><div class=\"gdlr-space\" style=\"margin-top: -20px;\"><\/div>\r\n\r\n<\/div>\n<div style=\"text-align: right\" >\r\n<div class=\"clear\"><\/div><div class=\"gdlr-space\" style=\"margin-top: 30px;\"><\/div>\r\n\r\n<a class=\"gdlr-button medium with-border\" href=\"https:\/\/codam.com.ar\/en\/cotizacion-de-producto\/?producto=Sodium Hipophosphite\" target=\"_self\"  style=\"color:#ffffff; background-color:#00220e; border-color:#004f21; \"  >Request a quote<\/a>\r\n<\/div>\n<\/div><\/div><\/div><\/div>\n<div class=\"clear\"><\/div><div class=\"gdlr-space\" style=\"margin-top: 60px;\"><\/div>\n<div class=\"gdlr-shortcode-wrapper\"><div class=\"clear\"><\/div><div class=\"gdlr-item gdlr-divider-item\"  ><div class=\"gdlr-divider solid\"  style=\"width: 100%;\" ><\/div><\/div><\/div>\n<h2 class=\"gdlr-heading-shortcode with-background \"  style=\"color: #ffffff;background-color: #00662B;font-size: 22px;\" >Related posts to this product (only spanish)<\/h2>\n      <div id=\"post-grid-lazy-9111\" class=\"post-grid-lazy\"><img decoding=\"async\" alt=\"\" src=\"\" \/><\/div>\n    <script>\n      jQuery('#post-grid-lazy-9111').ready(function($) {\n        $('#post-grid-lazy-9111').fadeOut();\n        $('#post-grid-9111   ').fadeIn();\n      })\n    <\/script>\n    <style type=\"text\/css\">\n      #post-grid-9111 {\n        display: none;\n      }\n\n      .post-grid-lazy {\n        text-align: center;\n      }\n    <\/style>\n    <div data-options='{&quot;id&quot;:&quot;9111&quot;,&quot;lazy_load&quot;:&quot;yes&quot;,&quot;masonry_enable&quot;:&quot;no&quot;,&quot;view_type&quot;:&quot;grid&quot;}' id=\"post-grid-9111\" class=\"post-grid grid\">\n    \n\n\n    <div class=\"grid-items\">\n      <div class=\"item item-11756 skin flat even 0 \">\n        <div class=\"layer-wrapper layout-\">\n        <div class=\"layer-media\"><\/div>\n  <div class=\"layer-content\">\n        <div\r\n        class=\"element element_0  element-media \">\r\n        <a target=\"_self\" href=\"https:\/\/codam.com.ar\/en\/2026\/03\/31\/10-formas-de-aplicar-el-niquel-en-la-industria\/\"><img loading=\"lazy\" decoding=\"async\" width=\"960\" height=\"960\" src=\"https:\/\/codam.com.ar\/wp-content\/uploads\/2026\/03\/10-formas-de-aplicar-el-niquel-en-la-industria-CH.jpg\" class=\"attachment-large size-large wp-post-image\" alt=\"\" \/><\/a>    <\/div>\r\n    <div class=\"element element_1  title_link \">\r\n                    <a target=\"\"\r\n                href=\"https:\/\/codam.com.ar\/en\/2026\/03\/31\/10-formas-de-aplicar-el-niquel-en-la-industria\/\">10 formas de aplicar el n\u00edquel en la industria<\/a>\r\n            <\/div>\r\n    <div class=\"element element_2  excerpt \">\r\n        El n\u00edquel es un metal blanco plateado muy resistente y duradero. Se utiliza mucho por su capacidad para soportar temperaturas            <\/div>\r\n            <a class=\"element element_3  read_more \"\r\n            target=\"\"\r\n            href=\"https:\/\/codam.com.ar\/en\/2026\/03\/31\/10-formas-de-aplicar-el-niquel-en-la-industria\/\"><\/a>\r\n      <\/div>\n    <\/div>\n  <\/div><div class=\"item item-11697 skin flat odd 1 \">\n        <div class=\"layer-wrapper layout-\">\n        <div class=\"layer-media\"><\/div>\n  <div class=\"layer-content\">\n        <div\r\n        class=\"element element_0  element-media \">\r\n        <a target=\"_self\" href=\"https:\/\/codam.com.ar\/en\/2026\/03\/06\/cobalto-y-niquel-biotecnologia-para-recuperar-metales\/\"><img loading=\"lazy\" decoding=\"async\" width=\"960\" height=\"960\" src=\"https:\/\/codam.com.ar\/wp-content\/uploads\/2026\/03\/Cobalto-y-niquel-biotecnologia-para-recuperar-metales-CH.jpg\" class=\"attachment-large size-large wp-post-image\" alt=\"\" \/><\/a>    <\/div>\r\n    <div class=\"element element_1  title_link \">\r\n                    <a target=\"\"\r\n                href=\"https:\/\/codam.com.ar\/en\/2026\/03\/06\/cobalto-y-niquel-biotecnologia-para-recuperar-metales\/\">Cobalto y n\u00edquel: biotecnolog\u00eda para recuperar metales<\/a>\r\n            <\/div>\r\n    <div class=\"element element_2  excerpt \">\r\n        En el camino que cada vez m\u00e1s pa\u00edses transitan hacia una transici\u00f3n energ\u00e9tica que reduzca los gases de efecto invernadero,            <\/div>\r\n            <a class=\"element element_3  read_more \"\r\n            target=\"\"\r\n            href=\"https:\/\/codam.com.ar\/en\/2026\/03\/06\/cobalto-y-niquel-biotecnologia-para-recuperar-metales\/\"><\/a>\r\n      <\/div>\n    <\/div>\n  <\/div><div class=\"item item-11691 skin flat even 2 \">\n        <div class=\"layer-wrapper layout-\">\n        <div class=\"layer-media\"><\/div>\n  <div class=\"layer-content\">\n        <div\r\n        class=\"element element_0  element-media \">\r\n        <a target=\"_self\" href=\"https:\/\/codam.com.ar\/en\/2026\/02\/20\/2026-situacion-del-cobre-en-sudamerica\/\"><img loading=\"lazy\" decoding=\"async\" width=\"960\" height=\"960\" src=\"https:\/\/codam.com.ar\/wp-content\/uploads\/2026\/02\/Cobre-en-Sudamerica-para-este-2026-CH.webp\" class=\"attachment-large size-large wp-post-image\" alt=\"\" \/><\/a>    <\/div>\r\n    <div class=\"element element_1  title_link \">\r\n                    <a target=\"\"\r\n                href=\"https:\/\/codam.com.ar\/en\/2026\/02\/20\/2026-situacion-del-cobre-en-sudamerica\/\">2026: situaci\u00f3n del cobre en Sudam\u00e9rica<\/a>\r\n            <\/div>\r\n    <div class=\"element element_2  excerpt \">\r\n        Este a\u00f1o se perfila como un hito para la miner\u00eda en Sudam\u00e9rica. Con el cobre consolidado como el \"oro rojo\"            <\/div>\r\n            <a class=\"element element_3  read_more \"\r\n            target=\"\"\r\n            href=\"https:\/\/codam.com.ar\/en\/2026\/02\/20\/2026-situacion-del-cobre-en-sudamerica\/\"><\/a>\r\n      <\/div>\n    <\/div>\n  <\/div>    <\/div>\n    <div class=\"pagination\">\n      <div class=\"paginate\">\n    <span aria-current=\"page\" class=\"page-numbers current\">1<\/span>\n<a class=\"page-numbers\" href=\"https:\/\/codam.com.ar\/en\/wp-json\/wp\/v2\/pages\/5222\/page\/2\/\">2<\/a>\n<a class=\"page-numbers\" href=\"https:\/\/codam.com.ar\/en\/wp-json\/wp\/v2\/pages\/5222\/page\/3\/\">3<\/a>\n<span class=\"page-numbers dots\">&hellip;<\/span>\n<a class=\"page-numbers\" href=\"https:\/\/codam.com.ar\/en\/wp-json\/wp\/v2\/pages\/5222\/page\/64\/\">64<\/a>\n<a class=\"next page-numbers\" href=\"https:\/\/codam.com.ar\/en\/wp-json\/wp\/v2\/pages\/5222\/page\/2\/\">Posterior \u00bb<\/a>  <\/div>\n  <style type=\"text\/css\">\n    #post-grid-9111 .pagination .page-numbers {\n      font-size: 16px;\n      color: #fff;\n      background: #646464;\n    }\n\n    #post-grid-9111 .pagination .page-numbers:hover,\n    #post-grid-9111 .pagination .page-numbers.current {\n      background: #4b4b4b;\n    }\n  <\/style>\n  <\/div>\n      <script>\n          <\/script>\n    <style type=\"text\/css\">\n    #post-grid-9111 .element_0 {\n      display: block;font-size: 21px;line-height: normal;padding: 5px 10px;text-align: left; text-decoration: none;    }\n\n    #post-grid-9111 .element_1 {\n      display: block;font-size: 21px;line-height: normal;padding: 5px 10px;text-align: left; text-decoration: none;    }\n\n    #post-grid-9111 .element_2 {\n      display: block;font-size: 14px;padding: 5px 10px;text-align: left;    }\n\n    #post-grid-9111 .element_3 {\n      display: block;font-size: 12px;font-weight: bold;padding: 0 10px;text-align: left;text-decoration: none;    }\n\n    #post-grid-9111 .element_0:hover{}#post-grid-9111 .element_1:hover{}#post-grid-9111 .element_2:hover{}#post-grid-9111 .element_3:hover{}  <\/style>\n  <style type=\"text\/css\">\n    #post-grid-9111 {\n      padding: 0px;\n          }\n\n    #post-grid-9111 .item {\n      padding: 0px;\n      background: #fff;\n          }\n\n    #post-grid-9111 .item .layer-media {\n      height:auto;    }\n\n    @media only screen and (min-width: 0px) and (max-width: 767px) {\n      #post-grid-9111 .grid-items {\n        text-align: left;\n              }\n\n      #post-grid-9111 .item {\n        width: 90%;\n        margin: 15px;\n        display: inline-block;\n        vertical-align: top;\n        height:auto;      }\n    }\n\n    @media only screen and (min-width: 768px) and (max-width: 1023px) {\n      #post-grid-9111 .grid-items {\n        text-align: left;\n              }\n\n      #post-grid-9111 .item {\n        width: 200px;\n        margin: 15px;\n        display: inline-block;\n        vertical-align: top;\n        max-height:auto;      }\n    }\n\n    @media only screen and (min-width: 1024px) {\n      #post-grid-9111 .grid-items {\n        text-align: left;\n              }\n\n      #post-grid-9111 .item {\n        width: 200px;\n        display: inline-block;\n        margin: 15px;\n        vertical-align: top;\n        height:auto;      }\n    }\n\n      <\/style>\n  <\/div>\n\n","protected":false},"excerpt":{"rendered":"","protected":false},"author":1,"featured_media":0,"parent":0,"menu_order":0,"comment_status":"closed","ping_status":"closed","template":"","meta":{"footnotes":""},"class_list":["post-5222","page","type-page","status-publish","hentry","page_category-materias-primas"],"translation":{"provider":"WPGlobus","version":"3.0.2","language":"en","enabled_languages":["es","en"],"languages":{"es":{"title":true,"content":true,"excerpt":false},"en":{"title":true,"content":true,"excerpt":false}}},"_links":{"self":[{"href":"https:\/\/codam.com.ar\/en\/wp-json\/wp\/v2\/pages\/5222","targetHints":{"allow":["GET"]}}],"collection":[{"href":"https:\/\/codam.com.ar\/en\/wp-json\/wp\/v2\/pages"}],"about":[{"href":"https:\/\/codam.com.ar\/en\/wp-json\/wp\/v2\/types\/page"}],"author":[{"embeddable":true,"href":"https:\/\/codam.com.ar\/en\/wp-json\/wp\/v2\/users\/1"}],"replies":[{"embeddable":true,"href":"https:\/\/codam.com.ar\/en\/wp-json\/wp\/v2\/comments?post=5222"}],"version-history":[{"count":2,"href":"https:\/\/codam.com.ar\/en\/wp-json\/wp\/v2\/pages\/5222\/revisions"}],"predecessor-version":[{"id":10298,"href":"https:\/\/codam.com.ar\/en\/wp-json\/wp\/v2\/pages\/5222\/revisions\/10298"}],"wp:attachment":[{"href":"https:\/\/codam.com.ar\/en\/wp-json\/wp\/v2\/media?parent=5222"}],"curies":[{"name":"wp","href":"https:\/\/api.w.org\/{rel}","templated":true}]}}