{"id":7628,"date":"2018-09-07T10:19:37","date_gmt":"2018-09-07T13:19:37","guid":{"rendered":"http:\/\/codam.com.ar\/?page_id=7628"},"modified":"2022-09-01T14:44:24","modified_gmt":"2022-09-01T17:44:24","slug":"canos-de-cobre-sin-costura-para-refrigeracion","status":"publish","type":"page","link":"https:\/\/codam.com.ar\/en\/canos-de-cobre-sin-costura-para-refrigeracion\/","title":{"rendered":"Seamless copper pipes"},"content":{"rendered":"\n\t\t<style type=\"text\/css\">\n\t\t\t#gallery-1 {\n\t\t\t\tmargin: auto;\n\t\t\t}\n\t\t\t#gallery-1 .gallery-item {\n\t\t\t\tfloat: left;\n\t\t\t\tmargin-top: 10px;\n\t\t\t\ttext-align: center;\n\t\t\t\twidth: 25%;\n\t\t\t}\n\t\t\t#gallery-1 img {\n\t\t\t\tborder-width: 1px; border-style: solid;\n\t\t\t}\n\t\t\t#gallery-1 .gallery-caption {\n\t\t\t\tmargin-left: 0;\n\t\t\t}\n\t\t\t\/* see gallery_shortcode() in wp-includes\/media.php *\/\n\t\t<\/style>\n\t\t<div id='gallery-1' class='gallery galleryid-7628 gallery-columns-4 gallery-size-thumbnail'><dl class='gallery-item'>\n\t\t\t<dt class='gallery-icon landscape'>\n\t\t\t\t<img loading=\"lazy\" decoding=\"async\" width=\"150\" height=\"150\" src=\"https:\/\/codam.com.ar\/wp-content\/uploads\/2016\/10\/tubos-de-cobre-sin-costura-001-150x150.jpg\" class=\"attachment-thumbnail size-thumbnail\" alt=\"\" \/>\n\t\t\t<\/dt><\/dl><dl class='gallery-item'>\n\t\t\t<dt class='gallery-icon landscape'>\n\t\t\t\t<img loading=\"lazy\" decoding=\"async\" width=\"150\" height=\"150\" src=\"https:\/\/codam.com.ar\/wp-content\/uploads\/2016\/10\/tubos-de-cobre-sin-costura-002-150x150.jpg\" class=\"attachment-thumbnail size-thumbnail\" alt=\"\" \/>\n\t\t\t<\/dt><\/dl><dl class='gallery-item'>\n\t\t\t<dt class='gallery-icon landscape'>\n\t\t\t\t<img loading=\"lazy\" decoding=\"async\" width=\"150\" height=\"150\" src=\"https:\/\/codam.com.ar\/wp-content\/uploads\/2016\/10\/tubos-de-cobre-sin-costura-003-150x150.jpg\" class=\"attachment-thumbnail size-thumbnail\" alt=\"\" \/>\n\t\t\t<\/dt><\/dl>\n\t\t\t<br style='clear: both' \/>\n\t\t<\/div>\n\n<div class=\"clear\"><\/div><div class=\"gdlr-space\" style=\"margin-top: 20px;\"><\/div>\n<h3 class=\"gdlr-heading-shortcode with-background \"  style=\"color: #ffffff;background-color: #00662B;font-size: 40px;\" >Copper is your best choice<\/h3>\n<div class=\"gdlr-shortcode-wrapper\"><div class=\"gdlr-item-title-wrapper gdlr-item pos-left \"><div class=\"gdlr-item-title-head\"><h3 class=\"gdlr-item-title gdlr-skin-title gdlr-skin-border\">Versatility, efficiency and high performance.<\/h3><div class=\"clear\"><\/div><\/div><div class=\"gdlr-item-title-divider\"><\/div><div class=\"gdlr-item-title-caption gdlr-skin-info\">Our product is versatile due to the main characteristics: Malleable, Durable, Non-toxic, Antimicrobial, Energy Conductor and 100% recyclable.\r\nCopper tubes provide excellent performance in several areas such as telecommunications, health, energy, construction and transportation.<\/div><\/div><\/div>\n<div class=\"gdlr-shortcode-wrapper\"><div class=\"gdlr-item gdlr-accordion-item style-1\"  ><div class=\"accordion-tab active pre-active\" ><h4 class=\"accordion-title\" ><i class=\"icon-minus\" ><\/i><span>Technical specifications<\/span><\/h4><div class=\"accordion-content\"><p><img loading=\"lazy\" decoding=\"async\" class=\"alignnone wp-image-4807 size-full\" src=\"https:\/\/codam.com.ar\/wp-content\/uploads\/2016\/10\/tubos-sin-costura-1.png\" alt=\"\" width=\"85\" height=\"37\" \/><\/p>\n<table class=\"style-1\">\n<tbody>\n<tr>\n<th>Diameter<br \/>\nInches<\/th>\n<th>Diameter<br \/>\nmm.<\/th>\n<th>Thickness<br \/>\nmm.<\/th>\n<th>Units<br \/>\n\/ Box<\/th>\n<th>Presentation<br \/>\nReel (mts)<\/th>\n<th>Meters<br \/>\n\/Boxes<\/th>\n<\/tr>\n<tr>\n<td>1\/4&#8243;<\/td>\n<td>6,35<\/td>\n<td>0,80<\/td>\n<td>25<\/td>\n<td>15<\/td>\n<td>375<\/td>\n<\/tr>\n<tr>\n<td>5\/16&#8243;<\/td>\n<td>7,94<\/td>\n<td>0,80<\/td>\n<td>18<\/td>\n<td>15<\/td>\n<td>270<\/td>\n<\/tr>\n<tr>\n<td>3\/8&#8243;<\/td>\n<td>9,52<\/td>\n<td>0,80<\/td>\n<td>15<\/td>\n<td>15<\/td>\n<td>225<\/td>\n<\/tr>\n<tr>\n<td>1\/2&#8243;<\/td>\n<td>12,07<\/td>\n<td>0,80<\/td>\n<td>12<\/td>\n<td>15<\/td>\n<td>180<\/td>\n<\/tr>\n<tr>\n<td>5\/8&#8243;<\/td>\n<td>15,87<\/td>\n<td>0,80<\/td>\n<td>8<\/td>\n<td>15<\/td>\n<td>120<\/td>\n<\/tr>\n<tr>\n<td>3\/4&#8243;<\/td>\n<td>19,05<\/td>\n<td>0,80<\/td>\n<td>7<\/td>\n<td>15<\/td>\n<td>105<\/td>\n<\/tr>\n<\/tbody>\n<\/table>\n<div class=\"clear\"><\/div>\n<div class=\"gdlr-space\" style=\"margin-top: 20px;\"><\/div>\n<p>Approximate weight per box 50kg.<\/p>\n<div class=\"clear\"><\/div>\n<div class=\"gdlr-space\" style=\"margin-top: 20px;\"><\/div>\n<h4 class=\"gdlr-heading-shortcode with-background \"  style=\"color: #ffffff;background-color: #000000;font-size: 14px;\" ><i class=\"fa fa-exclamation-circle\"><\/i>The sale is only by closed box<\/h4>\n<div class=\"clear\"><\/div>\n<div class=\"gdlr-space\" style=\"margin-top: 20px;\"><\/div>\n<\/div><\/div><\/div><\/div>\n<div class=\"gdlr-shortcode-wrapper\"><div class=\"gdlr-styled-box-item-ux gdlr-ux\" ><div class=\"gdlr-item gdlr-styled-box-item\" ><div class=\"gdlr-styled-box-body\" style=\"background-color:#003f1b; color: #ffffff; \" ><div class=\"clear\"><\/div><div class=\"gdlr-space\" style=\"margin-top: -20px;\"><\/div>\n<div style=\"text-align: left\" >\r\n\r\n<div class=\"clear\"><\/div><div class=\"gdlr-space\" style=\"margin-top: -8px;\"><\/div>\r\n\r\n<h2 class=\"gdlr-heading-shortcode \"  style=\"color: #ffffff;font-size: 28px;\" ><strong>Request information\r\nabout this and any of our products.<\/strong><\/h2>\r\n\r\n<div class=\"clear\"><\/div><div class=\"gdlr-space\" style=\"margin-top: -8px;\"><\/div>\r\n\r\nSend us your inquiry and we will contact you shortly.\r\n\r\n<div class=\"clear\"><\/div><div class=\"gdlr-space\" style=\"margin-top: 30px;\"><\/div>\r\n\r\n<div class=\"clear\"><\/div><div class=\"gdlr-space\" style=\"margin-top: -20px;\"><\/div>\r\n\r\n<\/div>\n<div style=\"text-align: right\" >\r\n<div class=\"clear\"><\/div><div class=\"gdlr-space\" style=\"margin-top: 20px;\"><\/div>\r\n\r\n<a class=\"gdlr-button medium with-border\" href=\"https:\/\/codam.com.ar\/en\/cotizacion-de-producto\/?producto=Tubos de Cobre sin costura\" target=\"\r\n_self\"  style=\"color:#ffffff; background-color:#00220e; border-color:#004f21; \"  >Request Quote\r\n<\/a>\r\n<\/div>\n<\/div><\/div><\/div><\/div>\n<div class=\"clear\"><\/div><div class=\"gdlr-space\" style=\"margin-top: 60px;\"><\/div>\n<div class=\"gdlr-shortcode-wrapper\"><div class=\"clear\"><\/div><div class=\"gdlr-item gdlr-divider-item\"  ><div class=\"gdlr-divider solid\"  style=\"width: 100%;\" ><\/div><\/div><\/div>\n<h2 class=\"gdlr-heading-shortcode with-background \"  style=\"color: #ffffff;background-color: #00662B;font-size: 22px;\" >Related posts to this product (only spanish)<\/h2>\n      <div id=\"post-grid-lazy-9114\" class=\"post-grid-lazy\"><img decoding=\"async\" alt=\"\" src=\"\" \/><\/div>\n    <script>\n      jQuery('#post-grid-lazy-9114').ready(function($) {\n        $('#post-grid-lazy-9114').fadeOut();\n        $('#post-grid-9114   ').fadeIn();\n      })\n    <\/script>\n    <style type=\"text\/css\">\n      #post-grid-9114 {\n        display: none;\n      }\n\n      .post-grid-lazy {\n        text-align: center;\n      }\n    <\/style>\n    <div data-options='{&quot;id&quot;:&quot;9114&quot;,&quot;lazy_load&quot;:&quot;yes&quot;,&quot;masonry_enable&quot;:&quot;no&quot;,&quot;view_type&quot;:&quot;grid&quot;}' id=\"post-grid-9114\" class=\"post-grid grid\">\n    \n\n\n    <div class=\"grid-items\">\n      <div class=\"item item-11756 skin flat even 0 \">\n        <div class=\"layer-wrapper layout-\">\n        <div class=\"layer-media\"><\/div>\n  <div class=\"layer-content\">\n        <div\r\n        class=\"element element_0  element-media \">\r\n        <a target=\"_self\" href=\"https:\/\/codam.com.ar\/en\/2026\/03\/31\/10-formas-de-aplicar-el-niquel-en-la-industria\/\"><img loading=\"lazy\" decoding=\"async\" width=\"960\" height=\"960\" src=\"https:\/\/codam.com.ar\/wp-content\/uploads\/2026\/03\/10-formas-de-aplicar-el-niquel-en-la-industria-CH.jpg\" class=\"attachment-large size-large wp-post-image\" alt=\"\" \/><\/a>    <\/div>\r\n    <div class=\"element element_1  title_link \">\r\n                    <a target=\"\"\r\n                href=\"https:\/\/codam.com.ar\/en\/2026\/03\/31\/10-formas-de-aplicar-el-niquel-en-la-industria\/\">10 formas de aplicar el n\u00edquel en la industria<\/a>\r\n            <\/div>\r\n    <div class=\"element element_2  excerpt \">\r\n        El n\u00edquel es un metal blanco plateado muy resistente y duradero. Se utiliza mucho por su capacidad para soportar temperaturas            <\/div>\r\n            <a class=\"element element_3  read_more \"\r\n            target=\"\"\r\n            href=\"https:\/\/codam.com.ar\/en\/2026\/03\/31\/10-formas-de-aplicar-el-niquel-en-la-industria\/\"><\/a>\r\n      <\/div>\n    <\/div>\n  <\/div><div class=\"item item-11697 skin flat odd 1 \">\n        <div class=\"layer-wrapper layout-\">\n        <div class=\"layer-media\"><\/div>\n  <div class=\"layer-content\">\n        <div\r\n        class=\"element element_0  element-media \">\r\n        <a target=\"_self\" href=\"https:\/\/codam.com.ar\/en\/2026\/03\/06\/cobalto-y-niquel-biotecnologia-para-recuperar-metales\/\"><img loading=\"lazy\" decoding=\"async\" width=\"960\" height=\"960\" src=\"https:\/\/codam.com.ar\/wp-content\/uploads\/2026\/03\/Cobalto-y-niquel-biotecnologia-para-recuperar-metales-CH.jpg\" class=\"attachment-large size-large wp-post-image\" alt=\"\" \/><\/a>    <\/div>\r\n    <div class=\"element element_1  title_link \">\r\n                    <a target=\"\"\r\n                href=\"https:\/\/codam.com.ar\/en\/2026\/03\/06\/cobalto-y-niquel-biotecnologia-para-recuperar-metales\/\">Cobalto y n\u00edquel: biotecnolog\u00eda para recuperar metales<\/a>\r\n            <\/div>\r\n    <div class=\"element element_2  excerpt \">\r\n        En el camino que cada vez m\u00e1s pa\u00edses transitan hacia una transici\u00f3n energ\u00e9tica que reduzca los gases de efecto invernadero,            <\/div>\r\n            <a class=\"element element_3  read_more \"\r\n            target=\"\"\r\n            href=\"https:\/\/codam.com.ar\/en\/2026\/03\/06\/cobalto-y-niquel-biotecnologia-para-recuperar-metales\/\"><\/a>\r\n      <\/div>\n    <\/div>\n  <\/div><div class=\"item item-11691 skin flat even 2 \">\n        <div class=\"layer-wrapper layout-\">\n        <div class=\"layer-media\"><\/div>\n  <div class=\"layer-content\">\n        <div\r\n        class=\"element element_0  element-media \">\r\n        <a target=\"_self\" href=\"https:\/\/codam.com.ar\/en\/2026\/02\/20\/2026-situacion-del-cobre-en-sudamerica\/\"><img loading=\"lazy\" decoding=\"async\" width=\"960\" height=\"960\" src=\"https:\/\/codam.com.ar\/wp-content\/uploads\/2026\/02\/Cobre-en-Sudamerica-para-este-2026-CH.webp\" class=\"attachment-large size-large wp-post-image\" alt=\"\" \/><\/a>    <\/div>\r\n    <div class=\"element element_1  title_link \">\r\n                    <a target=\"\"\r\n                href=\"https:\/\/codam.com.ar\/en\/2026\/02\/20\/2026-situacion-del-cobre-en-sudamerica\/\">2026: situaci\u00f3n del cobre en Sudam\u00e9rica<\/a>\r\n            <\/div>\r\n    <div class=\"element element_2  excerpt \">\r\n        Este a\u00f1o se perfila como un hito para la miner\u00eda en Sudam\u00e9rica. Con el cobre consolidado como el \"oro rojo\"            <\/div>\r\n            <a class=\"element element_3  read_more \"\r\n            target=\"\"\r\n            href=\"https:\/\/codam.com.ar\/en\/2026\/02\/20\/2026-situacion-del-cobre-en-sudamerica\/\"><\/a>\r\n      <\/div>\n    <\/div>\n  <\/div>    <\/div>\n    <div class=\"pagination\">\n      <div class=\"paginate\">\n    <span aria-current=\"page\" class=\"page-numbers current\">1<\/span>\n<a class=\"page-numbers\" href=\"https:\/\/codam.com.ar\/en\/wp-json\/wp\/v2\/pages\/7628\/page\/2\/\">2<\/a>\n<a class=\"page-numbers\" href=\"https:\/\/codam.com.ar\/en\/wp-json\/wp\/v2\/pages\/7628\/page\/3\/\">3<\/a>\n<span class=\"page-numbers dots\">&hellip;<\/span>\n<a class=\"page-numbers\" href=\"https:\/\/codam.com.ar\/en\/wp-json\/wp\/v2\/pages\/7628\/page\/64\/\">64<\/a>\n<a class=\"next page-numbers\" href=\"https:\/\/codam.com.ar\/en\/wp-json\/wp\/v2\/pages\/7628\/page\/2\/\">Posterior \u00bb<\/a>  <\/div>\n  <style type=\"text\/css\">\n    #post-grid-9114 .pagination .page-numbers {\n      font-size: 16px;\n      color: #fff;\n      background: #646464;\n    }\n\n    #post-grid-9114 .pagination .page-numbers:hover,\n    #post-grid-9114 .pagination .page-numbers.current {\n      background: #4b4b4b;\n    }\n  <\/style>\n  <\/div>\n      <script>\n          <\/script>\n    <style type=\"text\/css\">\n    #post-grid-9114 .element_0 {\n      display: block;font-size: 21px;line-height: normal;padding: 5px 10px;text-align: left; text-decoration: none;    }\n\n    #post-grid-9114 .element_1 {\n      display: block;font-size: 21px;line-height: normal;padding: 5px 10px;text-align: left; text-decoration: none;    }\n\n    #post-grid-9114 .element_2 {\n      display: block;font-size: 14px;padding: 5px 10px;text-align: left;    }\n\n    #post-grid-9114 .element_3 {\n      display: block;font-size: 12px;font-weight: bold;padding: 0 10px;text-align: left;text-decoration: none;    }\n\n    #post-grid-9114 .element_0:hover{}#post-grid-9114 .element_1:hover{}#post-grid-9114 .element_2:hover{}#post-grid-9114 .element_3:hover{}  <\/style>\n  <style type=\"text\/css\">\n    #post-grid-9114 {\n      padding: 0px;\n          }\n\n    #post-grid-9114 .item {\n      padding: 0px;\n      background: #fff;\n          }\n\n    #post-grid-9114 .item .layer-media {\n      height:auto;    }\n\n    @media only screen and (min-width: 0px) and (max-width: 767px) {\n      #post-grid-9114 .grid-items {\n        text-align: left;\n              }\n\n      #post-grid-9114 .item {\n        width: 90%;\n        margin: 15px;\n        display: inline-block;\n        vertical-align: top;\n        height:auto;      }\n    }\n\n    @media only screen and (min-width: 768px) and (max-width: 1023px) {\n      #post-grid-9114 .grid-items {\n        text-align: left;\n              }\n\n      #post-grid-9114 .item {\n        width: 200px;\n        margin: 15px;\n        display: inline-block;\n        vertical-align: top;\n        max-height:auto;      }\n    }\n\n    @media only screen and (min-width: 1024px) {\n      #post-grid-9114 .grid-items {\n        text-align: left;\n              }\n\n      #post-grid-9114 .item {\n        width: 200px;\n        display: inline-block;\n        margin: 15px;\n        vertical-align: top;\n        height:auto;      }\n    }\n\n      <\/style>\n  <\/div>\n\n","protected":false},"excerpt":{"rendered":"","protected":false},"author":1,"featured_media":0,"parent":0,"menu_order":0,"comment_status":"closed","ping_status":"closed","template":"","meta":{"footnotes":""},"class_list":["post-7628","page","type-page","status-publish","hentry","page_category-cobre"],"translation":{"provider":"WPGlobus","version":"3.0.2","language":"en","enabled_languages":["es","en"],"languages":{"es":{"title":true,"content":true,"excerpt":false},"en":{"title":true,"content":true,"excerpt":false}}},"_links":{"self":[{"href":"https:\/\/codam.com.ar\/en\/wp-json\/wp\/v2\/pages\/7628","targetHints":{"allow":["GET"]}}],"collection":[{"href":"https:\/\/codam.com.ar\/en\/wp-json\/wp\/v2\/pages"}],"about":[{"href":"https:\/\/codam.com.ar\/en\/wp-json\/wp\/v2\/types\/page"}],"author":[{"embeddable":true,"href":"https:\/\/codam.com.ar\/en\/wp-json\/wp\/v2\/users\/1"}],"replies":[{"embeddable":true,"href":"https:\/\/codam.com.ar\/en\/wp-json\/wp\/v2\/comments?post=7628"}],"version-history":[{"count":2,"href":"https:\/\/codam.com.ar\/en\/wp-json\/wp\/v2\/pages\/7628\/revisions"}],"predecessor-version":[{"id":10273,"href":"https:\/\/codam.com.ar\/en\/wp-json\/wp\/v2\/pages\/7628\/revisions\/10273"}],"wp:attachment":[{"href":"https:\/\/codam.com.ar\/en\/wp-json\/wp\/v2\/media?parent=7628"}],"curies":[{"name":"wp","href":"https:\/\/api.w.org\/{rel}","templated":true}]}}