{"id":8364,"date":"2019-05-17T10:16:25","date_gmt":"2019-05-17T13:16:25","guid":{"rendered":"http:\/\/codam.com.ar\/?page_id=8364"},"modified":"2025-05-13T19:19:12","modified_gmt":"2025-05-13T22:19:12","slug":"sulfato-de-cobre","status":"publish","type":"page","link":"https:\/\/codam.com.ar\/en\/sulfato-de-cobre\/","title":{"rendered":"Copper Sulphate"},"content":{"rendered":"\n\t\t<style type=\"text\/css\">\n\t\t\t#gallery-1 {\n\t\t\t\tmargin: auto;\n\t\t\t}\n\t\t\t#gallery-1 .gallery-item {\n\t\t\t\tfloat: left;\n\t\t\t\tmargin-top: 10px;\n\t\t\t\ttext-align: center;\n\t\t\t\twidth: 25%;\n\t\t\t}\n\t\t\t#gallery-1 img {\n\t\t\t\tborder-width: 1px; border-style: solid;\n\t\t\t}\n\t\t\t#gallery-1 .gallery-caption {\n\t\t\t\tmargin-left: 0;\n\t\t\t}\n\t\t\t\/* see gallery_shortcode() in wp-includes\/media.php *\/\n\t\t<\/style>\n\t\t<div id='gallery-1' class='gallery galleryid-8364 gallery-columns-4 gallery-size-thumbnail'><dl class='gallery-item'>\n\t\t\t<dt class='gallery-icon landscape'>\n\t\t\t\t<img loading=\"lazy\" decoding=\"async\" width=\"150\" height=\"150\" src=\"https:\/\/codam.com.ar\/wp-content\/uploads\/2020\/10\/sulfato-de-cobre-01-150x150.jpg\" class=\"attachment-thumbnail size-thumbnail\" alt=\"\" \/>\n\t\t\t<\/dt><\/dl><dl class='gallery-item'>\n\t\t\t<dt class='gallery-icon landscape'>\n\t\t\t\t<img loading=\"lazy\" decoding=\"async\" width=\"150\" height=\"150\" src=\"https:\/\/codam.com.ar\/wp-content\/uploads\/2020\/10\/sulfato-de-cobre-02-150x150.jpg\" class=\"attachment-thumbnail size-thumbnail\" alt=\"\" \/>\n\t\t\t<\/dt><\/dl>\n\t\t\t<br style='clear: both' \/>\n\t\t<\/div>\n\n<h5>\n<div class=\"clear\"><\/div><div class=\"gdlr-space\" style=\"margin-top: 20px;\"><\/div>\n<div class=\"gdlr-shortcode-wrapper\"><div class=\"gdlr-notification gdlr-item color-border\"  style=\"color:#000000; border-color:#99d15e; \" ><i class=\"fa fa-play\"><\/i><div class=\"notification-content\">Premium quality raw material obtained from Electrolytic Copper<\/div><div class=\"clear\"><\/div><\/div><\/div>\n<\/h5>\n<div class=\"clear\"><\/div><div class=\"gdlr-space\" style=\"margin-top: 20px;\"><\/div>\n<div class=\"clear\"><\/div><div class=\"gdlr-space\" style=\"margin-top: 20px;\"><\/div>\n<div class=\"gdlr-shortcode-wrapper\"><div class=\"gdlr-item gdlr-accordion-item style-1\"  ><div class=\"accordion-tab active pre-active\" ><h4 class=\"accordion-title\" ><i class=\"icon-minus\" ><\/i><span>Technical Specifications<\/span><\/h4><div class=\"accordion-content\"><div class=\"clear\"><\/div>\n<div class=\"gdlr-space\" style=\"margin-top: 10px;\"><\/div>\n<p><strong>Physical Characteristics:<\/strong> Blue or light blue crystals<br \/>\n<strong>Formula:<\/strong> CuSO4.5H20<br \/>\n<strong>Packaging:<\/strong> 25 kg polypropylene bags, on pallets of 1,000 kg.<br \/>\n<strong>Source:<\/strong> Per\u00fa<\/p>\n<p><img loading=\"lazy\" decoding=\"async\" class=\"alignnone size-full wp-image-4378\" src=\"https:\/\/codam.com.ar\/wp-content\/uploads\/2016\/10\/polvo.png\" alt=\"\" width=\"56\" height=\"52\" \/><\/p>\n<\/div><\/div><div class=\"accordion-tab\" ><h4 class=\"accordion-title\" ><i class=\"icon-plus\" ><\/i><span>Chemical Analysis<\/span><\/h4><div class=\"accordion-content\"><p><strong>Request Analysis<\/strong><\/p>\n<div class=\"wpcf7 no-js\" id=\"wpcf7-f4828-o1\" lang=\"es-ES\" dir=\"ltr\" data-wpcf7-id=\"4828\">\n<div class=\"screen-reader-response\">\n<p role=\"status\" aria-live=\"polite\" aria-atomic=\"true\">\n<ul><\/ul>\n<\/div>\n<form action=\"\/en\/wp-json\/wp\/v2\/pages\/8364#wpcf7-f4828-o1\" method=\"post\" class=\"wpcf7-form init\" aria-label=\"Formulario de contacto\" novalidate=\"novalidate\" data-status=\"init\">\n<fieldset class=\"hidden-fields-container\"><input type=\"hidden\" name=\"_wpcf7\" value=\"4828\" \/><input type=\"hidden\" name=\"_wpcf7_version\" value=\"6.1.5\" \/><input type=\"hidden\" name=\"_wpcf7_locale\" value=\"es_ES\" \/><input type=\"hidden\" name=\"_wpcf7_unit_tag\" value=\"wpcf7-f4828-o1\" \/><input type=\"hidden\" name=\"_wpcf7_container_post\" value=\"0\" \/><input type=\"hidden\" name=\"_wpcf7_posted_data_hash\" value=\"\" \/><input type=\"hidden\" name=\"_wpcf7dtx_version\" value=\"5.0.5\" \/><input type=\"hidden\" name=\"_wpcf7_recaptcha_response\" value=\"\" \/><br \/>\n<\/fieldset>\n<p><label> Name &#038; Last Name or Buisness Name (required)<\/p>\n<p><span class=\"wpcf7-form-control-wrap\" data-name=\"your-name\"><input size=\"40\" maxlength=\"400\" class=\"wpcf7-form-control wpcf7-text wpcf7-validates-as-required\" aria-required=\"true\" aria-invalid=\"false\" value=\"\" type=\"text\" name=\"your-name\" \/><\/span> <\/label>\n<\/p>\n<p><label> E-mail (required)<\/p>\n<p><span class=\"wpcf7-form-control-wrap\" data-name=\"your-email\"><input size=\"40\" maxlength=\"400\" class=\"wpcf7-form-control wpcf7-email wpcf7-validates-as-required wpcf7-text wpcf7-validates-as-email\" aria-required=\"true\" aria-invalid=\"false\" value=\"\" type=\"email\" name=\"your-email\" \/><\/span> <\/label>\n<\/p>\n<p><label> Phone (required)<\/p>\n<p><span class=\"wpcf7-form-control-wrap\" data-name=\"telefono\"><input size=\"40\" maxlength=\"400\" class=\"wpcf7-form-control wpcf7-text wpcf7-validates-as-required\" aria-required=\"true\" aria-invalid=\"false\" value=\"\" type=\"text\" name=\"telefono\" \/><\/span> <\/label>\n<\/p>\n<p><input type=\"hidden\" name=\"_wpcf7_captcha_challenge_captcha-1\" value=\"3166887831\" \/><img loading=\"lazy\" decoding=\"async\" class=\"wpcf7-form-control wpcf7-captchac wpcf7-captcha-captcha-1\" width=\"72\" height=\"24\" alt=\"captcha\" src=\"https:\/\/codam.com.ar\/wp-content\/uploads\/wpcf7_captcha\/3166887831.png\" \/><span class=\"wpcf7-form-control-wrap\" data-name=\"captcha-1\"><input size=\"40\" class=\"wpcf7-form-control wpcf7-captchar\" autocomplete=\"off\" aria-invalid=\"false\" value=\"\" type=\"text\" name=\"captcha-1\" \/><\/span><\/p>\n<p><input class=\"wpcf7-form-control wpcf7-submit has-spinner\" type=\"submit\" value=\"Send\" \/>\n<\/p>\n<p><input type='hidden' class='wpcf7-pum' value='{\"closepopup\":false,\"closedelay\":0,\"openpopup\":false,\"openpopup_id\":0}' \/><\/p>\n<div class=\"wpcf7-response-output\" aria-hidden=\"true\"><\/div>\n<\/form>\n<\/div>\n<\/div><\/div><\/div><\/div>\n<div class=\"gdlr-shortcode-wrapper\"><div class=\"clear\"><\/div><div class=\"gdlr-item gdlr-divider-item\"  ><div class=\"gdlr-divider solid\"  style=\"width: 100%;\" ><\/div><\/div><\/div>\n<div class=\"gdlr-shortcode-wrapper\"><div class=\"gdlr-styled-box-item-ux gdlr-ux\" ><div class=\"gdlr-item gdlr-styled-box-item\" ><div class=\"gdlr-styled-box-body\" style=\"background-color:#003f1b; color: #ffffff; \" ><div class=\"clear\"><\/div><div class=\"gdlr-space\" style=\"margin-top: -20px;\"><\/div>\n<div style=\"text-align: left\" >\r\n\r\n<div class=\"clear\"><\/div><div class=\"gdlr-space\" style=\"margin-top: -8px;\"><\/div>\r\n\r\n<h2 class=\"gdlr-heading-shortcode \"  style=\"color: #ffffff;font-size: 28px;\" >Do you want t<span lang=\"en\">o receive more information and news<\/span><strong>?<\/strong><\/h2>\r\n\r\n<div class=\"clear\"><\/div><div class=\"gdlr-space\" style=\"margin-top: -8px;\"><\/div>\r\n\r\nSend us your request and we will answer shortly.\r\n\r\n<div class=\"clear\"><\/div><div class=\"gdlr-space\" style=\"margin-top: 30px;\"><\/div>\r\n\r\n<div class=\"clear\"><\/div><div class=\"gdlr-space\" style=\"margin-top: -20px;\"><\/div>\r\n\r\n<\/div>\n<div style=\"text-align: right\" >\r\n<div class=\"clear\"><\/div><div class=\"gdlr-space\" style=\"margin-top: 30px;\"><\/div>\r\n\r\n<a class=\"gdlr-button medium with-border\" href=\"https:\/\/codam.com.ar\/en\/cotizacion-de-producto\/?producto=Chromic Acid\" target=\"_self\"  style=\"color:#ffffff; background-color:#00220e; border-color:#004f21; \"  >Request a quote<\/a>\r\n<\/div>\n<\/div><\/div><\/div><\/div>\n<p>&nbsp;<\/p>\n<h2 class=\"gdlr-heading-shortcode \"  style=\"color: #000000;font-size: 18px;\" >Related posts to this product (only spanish)<\/h2>\n      <div id=\"post-grid-lazy-9047\" class=\"post-grid-lazy\"><img decoding=\"async\" alt=\"\" src=\"\" \/><\/div>\n    <script>\n      jQuery('#post-grid-lazy-9047').ready(function($) {\n        $('#post-grid-lazy-9047').fadeOut();\n        $('#post-grid-9047   ').fadeIn();\n      })\n    <\/script>\n    <style type=\"text\/css\">\n      #post-grid-9047 {\n        display: none;\n      }\n\n      .post-grid-lazy {\n        text-align: center;\n      }\n    <\/style>\n    <div data-options='{&quot;id&quot;:&quot;9047&quot;,&quot;lazy_load&quot;:&quot;yes&quot;,&quot;masonry_enable&quot;:&quot;no&quot;,&quot;view_type&quot;:&quot;grid&quot;}' id=\"post-grid-9047\" class=\"post-grid grid\">\n    \n\n\n    <div class=\"grid-items\">\n      <div class=\"item item-11745 skin flat even 0 \">\n        <div class=\"layer-wrapper layout-\">\n        <div class=\"layer-media\"><\/div>\n  <div class=\"layer-content\">\n        <div\r\n        class=\"element element_0  element-media \">\r\n        <a target=\"_self\" href=\"https:\/\/codam.com.ar\/en\/2026\/02\/14\/planificacion-estrategica-2026\/\"><img loading=\"lazy\" decoding=\"async\" width=\"185\" height=\"260\" src=\"https:\/\/codam.com.ar\/wp-content\/uploads\/2026\/02\/codam-nota-110-CH.jpg\" class=\"attachment-large size-large wp-post-image\" alt=\"\" \/><\/a>    <\/div>\r\n    <div class=\"element element_1  title_link \">\r\n                    <a target=\"\"\r\n                href=\"https:\/\/codam.com.ar\/en\/2026\/02\/14\/planificacion-estrategica-2026\/\">We grow to offer you the best raw materials<\/a>\r\n            <\/div>\r\n    <div class=\"element element_2  excerpt \">\r\n        {:es}{:}{:en}{:}            <\/div>\r\n            <a class=\"element element_3  read_more \"\r\n            target=\"\"\r\n            href=\"https:\/\/codam.com.ar\/en\/2026\/02\/14\/planificacion-estrategica-2026\/\"><\/a>\r\n      <\/div>\n    <\/div>\n  <\/div><div class=\"item item-11657 skin flat odd 1 \">\n        <div class=\"layer-wrapper layout-\">\n        <div class=\"layer-media\"><\/div>\n  <div class=\"layer-content\">\n        <div\r\n        class=\"element element_0  element-media \">\r\n        <a target=\"_self\" href=\"https:\/\/codam.com.ar\/en\/2025\/11\/28\/el-rol-del-acido-cromico-en-la-fabricacion-de-vidrios-y-ceramicas\/\"><img loading=\"lazy\" decoding=\"async\" width=\"960\" height=\"960\" src=\"https:\/\/codam.com.ar\/wp-content\/uploads\/2025\/11\/El-rol-del-acido-cromico-en-la-fabricacion-de-vidrios-y-ceramicas-CH.webp\" class=\"attachment-large size-large wp-post-image\" alt=\"\" \/><\/a>    <\/div>\r\n    <div class=\"element element_1  title_link \">\r\n                    <a target=\"\"\r\n                href=\"https:\/\/codam.com.ar\/en\/2025\/11\/28\/el-rol-del-acido-cromico-en-la-fabricacion-de-vidrios-y-ceramicas\/\">El rol del \u00e1cido cr\u00f3mico en la fabricaci\u00f3n de vidrios y cer\u00e1micas<\/a>\r\n            <\/div>\r\n    <div class=\"element element_2  excerpt \">\r\n        El \u00e1cido cr\u00f3mico ha sido hist\u00f3ricamente un compuesto de relevancia en la industria de materiales. Su funci\u00f3n principal en la            <\/div>\r\n            <a class=\"element element_3  read_more \"\r\n            target=\"\"\r\n            href=\"https:\/\/codam.com.ar\/en\/2025\/11\/28\/el-rol-del-acido-cromico-en-la-fabricacion-de-vidrios-y-ceramicas\/\"><\/a>\r\n      <\/div>\n    <\/div>\n  <\/div><div class=\"item item-11633 skin flat even 2 \">\n        <div class=\"layer-wrapper layout-\">\n        <div class=\"layer-media\"><\/div>\n  <div class=\"layer-content\">\n        <div\r\n        class=\"element element_0  element-media \">\r\n        <a target=\"_self\" href=\"https:\/\/codam.com.ar\/en\/2025\/10\/02\/calidad-en-cada-entrega-la-logistica-de-materias-primas-en-codam\/\"><img loading=\"lazy\" decoding=\"async\" width=\"960\" height=\"960\" src=\"https:\/\/codam.com.ar\/wp-content\/uploads\/2025\/10\/Calidad-en-cada-entrega-CH.jpg\" class=\"attachment-large size-large wp-post-image\" alt=\"\" \/><\/a>    <\/div>\r\n    <div class=\"element element_1  title_link \">\r\n                    <a target=\"\"\r\n                href=\"https:\/\/codam.com.ar\/en\/2025\/10\/02\/calidad-en-cada-entrega-la-logistica-de-materias-primas-en-codam\/\">Calidad en cada entrega: la log\u00edstica de materias primas en Codam<\/a>\r\n            <\/div>\r\n    <div class=\"element element_2  excerpt \">\r\n        La cadena de suministros es un pilar fundamental para el \u00e9xito de cualquier proceso productivo en el sector industrial. La            <\/div>\r\n            <a class=\"element element_3  read_more \"\r\n            target=\"\"\r\n            href=\"https:\/\/codam.com.ar\/en\/2025\/10\/02\/calidad-en-cada-entrega-la-logistica-de-materias-primas-en-codam\/\"><\/a>\r\n      <\/div>\n    <\/div>\n  <\/div>    <\/div>\n    <div class=\"pagination\">\n      <div class=\"paginate\">\n    <span aria-current=\"page\" class=\"page-numbers current\">1<\/span>\n<a class=\"page-numbers\" href=\"https:\/\/codam.com.ar\/en\/wp-json\/wp\/v2\/pages\/8364\/page\/2\/\">2<\/a>\n<a class=\"page-numbers\" href=\"https:\/\/codam.com.ar\/en\/wp-json\/wp\/v2\/pages\/8364\/page\/3\/\">3<\/a>\n<span class=\"page-numbers dots\">&hellip;<\/span>\n<a class=\"page-numbers\" href=\"https:\/\/codam.com.ar\/en\/wp-json\/wp\/v2\/pages\/8364\/page\/10\/\">10<\/a>\n<a class=\"next page-numbers\" href=\"https:\/\/codam.com.ar\/en\/wp-json\/wp\/v2\/pages\/8364\/page\/2\/\">Posterior \u00bb<\/a>  <\/div>\n  <style type=\"text\/css\">\n    #post-grid-9047 .pagination .page-numbers {\n      font-size: 16px;\n      color: #fff;\n      background: #646464;\n    }\n\n    #post-grid-9047 .pagination .page-numbers:hover,\n    #post-grid-9047 .pagination .page-numbers.current {\n      background: #4b4b4b;\n    }\n  <\/style>\n  <\/div>\n      <script>\n          <\/script>\n    <style type=\"text\/css\">\n    #post-grid-9047 .element_0 {\n      display: block;font-size: 21px;line-height: normal;padding: 5px 10px;text-align: left; text-decoration: none;    }\n\n    #post-grid-9047 .element_1 {\n      display: block;font-size: 21px;line-height: normal;padding: 5px 10px;text-align: left; text-decoration: none;    }\n\n    #post-grid-9047 .element_2 {\n      display: block;font-size: 14px;padding: 5px 10px;text-align: left;    }\n\n    #post-grid-9047 .element_3 {\n      display: block;font-size: 12px;font-weight: bold;padding: 0 10px;text-align: left;text-decoration: none;    }\n\n    #post-grid-9047 .element_0:hover{}#post-grid-9047 .element_1:hover{}#post-grid-9047 .element_2:hover{}#post-grid-9047 .element_3:hover{}  <\/style>\n  <style type=\"text\/css\">\n    #post-grid-9047 {\n      padding: 0px;\n          }\n\n    #post-grid-9047 .item {\n      padding: 0px;\n      background: #fff;\n          }\n\n    #post-grid-9047 .item .layer-media {\n      height:auto;    }\n\n    @media only screen and (min-width: 0px) and (max-width: 767px) {\n      #post-grid-9047 .grid-items {\n        text-align: center;\n              }\n\n      #post-grid-9047 .item {\n        width: 90%;\n        margin: 15px;\n        display: inline-block;\n        vertical-align: top;\n        height:auto;      }\n    }\n\n    @media only screen and (min-width: 768px) and (max-width: 1023px) {\n      #post-grid-9047 .grid-items {\n        text-align: center;\n              }\n\n      #post-grid-9047 .item {\n        width: 200px;\n        margin: 15px;\n        display: inline-block;\n        vertical-align: top;\n        max-height:auto;      }\n    }\n\n    @media only screen and (min-width: 1024px) {\n      #post-grid-9047 .grid-items {\n        text-align: center;\n              }\n\n      #post-grid-9047 .item {\n        width: 200px;\n        display: inline-block;\n        margin: 15px;\n        vertical-align: top;\n        height:auto;      }\n    }\n\n      <\/style>\n  <\/div>\n\n","protected":false},"excerpt":{"rendered":"<p>&nbsp;<\/p>\n","protected":false},"author":1,"featured_media":0,"parent":0,"menu_order":0,"comment_status":"closed","ping_status":"closed","template":"","meta":{"footnotes":""},"class_list":["post-8364","page","type-page","status-publish","hentry","page_category-materias-primas"],"translation":{"provider":"WPGlobus","version":"3.0.2","language":"en","enabled_languages":["es","en"],"languages":{"es":{"title":true,"content":true,"excerpt":false},"en":{"title":true,"content":true,"excerpt":false}}},"_links":{"self":[{"href":"https:\/\/codam.com.ar\/en\/wp-json\/wp\/v2\/pages\/8364","targetHints":{"allow":["GET"]}}],"collection":[{"href":"https:\/\/codam.com.ar\/en\/wp-json\/wp\/v2\/pages"}],"about":[{"href":"https:\/\/codam.com.ar\/en\/wp-json\/wp\/v2\/types\/page"}],"author":[{"embeddable":true,"href":"https:\/\/codam.com.ar\/en\/wp-json\/wp\/v2\/users\/1"}],"replies":[{"embeddable":true,"href":"https:\/\/codam.com.ar\/en\/wp-json\/wp\/v2\/comments?post=8364"}],"version-history":[{"count":3,"href":"https:\/\/codam.com.ar\/en\/wp-json\/wp\/v2\/pages\/8364\/revisions"}],"predecessor-version":[{"id":10320,"href":"https:\/\/codam.com.ar\/en\/wp-json\/wp\/v2\/pages\/8364\/revisions\/10320"}],"wp:attachment":[{"href":"https:\/\/codam.com.ar\/en\/wp-json\/wp\/v2\/media?parent=8364"}],"curies":[{"name":"wp","href":"https:\/\/api.w.org\/{rel}","templated":true}]}}